{"id":801,"date":"2024-11-19T10:07:31","date_gmt":"2024-11-19T09:07:31","guid":{"rendered":"https:\/\/www.entatom.fr\/?page_id=801"},"modified":"2024-11-19T10:08:25","modified_gmt":"2024-11-19T09:08:25","slug":"mentions-legales","status":"publish","type":"page","link":"https:\/\/www.entatom.fr\/index.php\/mentions-legales\/","title":{"rendered":"Mentions l\u00e9gales"},"content":{"rendered":"\t\t<div data-elementor-type=\"wp-page\" data-elementor-id=\"801\" class=\"elementor elementor-801\" data-elementor-post-type=\"page\">\n\t\t\t\t<div class=\"elementor-element elementor-element-0d4d758 e-flex e-con-boxed e-con e-parent\" data-id=\"0d4d758\" data-element_type=\"container\" data-e-type=\"container\">\n\t\t\t\t\t<div class=\"e-con-inner\">\n\t\t\t\t<div class=\"elementor-element elementor-element-575abb9 elementor-widget elementor-widget-text-editor\" data-id=\"575abb9\" data-element_type=\"widget\" data-e-type=\"widget\" data-widget_type=\"text-editor.default\">\n\t\t\t\t<div class=\"elementor-widget-container\">\n\t\t\t\t\t\t\t\t\t<p><strong>Mentions l\u00e9gales pour Entatom<\/strong><\/p><ol><li><strong>\u00c9diteur du site<\/strong><\/li><\/ol><p>Le pr\u00e9sent site internet est \u00e9dit\u00e9 par la soci\u00e9t\u00e9 Entatom, dont les informations l\u00e9gales sont les suivantes :<\/p><p>Raison sociale : Entatom<br \/>Forme juridique : SASU, Soci\u00e9t\u00e9 par Actions Simplifi\u00e9e \u00e0 Associ\u00e9 Unique<br \/>SIREN : 935 006 684<br \/>SIRET (si\u00e8ge) : 935 006 684 00010<br \/>Num\u00e9ro TVA Intracommunautaire : FR60935006684<br \/>Adresse : 5 rue du Canal, 64100 Bayonne, France<br \/>Capital social : 500,00 \u20ac<\/p><ol start=\"2\"><li><strong>Directeur de la publication<\/strong><\/li><\/ol><p>Le directeur de la publication du site internet est le repr\u00e9sentant l\u00e9gal de la soci\u00e9t\u00e9 Entatom.<\/p><ol start=\"3\"><li><strong>H\u00e9bergement du site<\/strong><\/li><\/ol><p>Le site internet est h\u00e9berg\u00e9 par :<\/p><p>H\u00e9bergeur : OVH<br \/>Si\u00e8ge social : 2 rue Kellermann \u2013 59100 Roubaix \u2013 France<\/p><ol start=\"4\"><li><strong>Propri\u00e9t\u00e9 intellectuelle<\/strong><\/li><\/ol><p>L\u2019ensemble des contenus (textes, images, logos, etc.) pr\u00e9sents sur ce site est la propri\u00e9t\u00e9 exclusive d&rsquo;Entatom, sauf mention contraire explicite. Toute reproduction, distribution, modification, adaptation, retransmission ou publication de ces diff\u00e9rents \u00e9l\u00e9ments est strictement interdite sans l\u2019accord \u00e9crit pr\u00e9alable d&rsquo;Entatom.<\/p><ol start=\"5\"><li><strong>Donn\u00e9es personnelles<\/strong><\/li><\/ol><p>Les informations collect\u00e9es via les formulaires de ce site sont destin\u00e9es \u00e0 un usage interne \u00e0 Entatom. Conform\u00e9ment \u00e0 la loi \u00ab Informatique et Libert\u00e9s \u00bb du 6 janvier 1978 modifi\u00e9e et au R\u00e8glement G\u00e9n\u00e9ral sur la Protection des Donn\u00e9es (RGPD), vous disposez d\u2019un droit d\u2019acc\u00e8s, de rectification, de suppression et de portabilit\u00e9 de vos donn\u00e9es personnelles. Vous pouvez exercer ce droit en nous contactant via l&rsquo;adresse suivante : <a rel=\"noopener\">contact@entatom.fr<\/a>.<\/p><ol start=\"6\"><li><strong>Responsabilit\u00e9<\/strong><\/li><\/ol><p>Entatom met tout en \u0153uvre pour offrir aux utilisateurs des informations fiables et actualis\u00e9es. Cependant, la soci\u00e9t\u00e9 ne saurait \u00eatre tenue responsable des erreurs, omissions ou des r\u00e9sultats obtenus suite \u00e0 l\u2019usage de ces informations.<\/p><ol start=\"7\"><li><strong>Contact<\/strong><\/li><\/ol><p>Pour toute question relative aux mentions l\u00e9gales ou pour exercer vos droits, vous pouvez nous contacter \u00e0 l\u2019adresse suivante :<\/p><p>Adresse : 5 rue du Canal, 64100 Bayonne, France<br \/>Email : <a rel=\"noopener\">contact@entatom.fr<\/a><\/p><ol start=\"8\"><li><strong>Modification des mentions l\u00e9gales<\/strong><\/li><\/ol><p>Entatom se r\u00e9serve le droit de modifier ces mentions l\u00e9gales \u00e0 tout moment. Il est donc conseill\u00e9 de consulter r\u00e9guli\u00e8rement cette page pour se tenir inform\u00e9 des \u00e9ventuelles modifications.<\/p>\t\t\t\t\t\t\t\t<\/div>\n\t\t\t\t<\/div>\n\t\t\t\t\t<\/div>\n\t\t\t\t<\/div>\n\t\t\t\t<\/div>\n\t\t","protected":false},"excerpt":{"rendered":"<p>Mentions l\u00e9gales pour Entatom \u00c9diteur du site Le pr\u00e9sent site internet est \u00e9dit\u00e9 par la soci\u00e9t\u00e9 Entatom, dont les informations l\u00e9gales sont les suivantes : Raison sociale : EntatomForme juridique : SASU, Soci\u00e9t\u00e9 par Actions Simplifi\u00e9e \u00e0 Associ\u00e9 UniqueSIREN : 935 006 684SIRET (si\u00e8ge) : 935 006 684 00010Num\u00e9ro TVA Intracommunautaire : FR60935006684Adresse : 5 [&hellip;]<\/p>\n","protected":false},"author":1,"featured_media":0,"parent":0,"menu_order":0,"comment_status":"closed","ping_status":"closed","template":"elementor_header_footer","meta":{"footnotes":""},"class_list":["post-801","page","type-page","status-publish","hentry"],"yoast_head":"<!-- This site is optimized with the Yoast SEO plugin v27.4 - https:\/\/yoast.com\/product\/yoast-seo-wordpress\/ -->\n<title>Mentions l\u00e9gales - WordPress<\/title>\n<meta name=\"robots\" content=\"index, follow, max-snippet:-1, max-image-preview:large, max-video-preview:-1\" \/>\n<link rel=\"canonical\" href=\"https:\/\/www.entatom.fr\/index.php\/mentions-legales\/\" \/>\n<meta property=\"og:locale\" content=\"fr_FR\" \/>\n<meta property=\"og:type\" content=\"article\" \/>\n<meta property=\"og:title\" content=\"Mentions l\u00e9gales - WordPress\" \/>\n<meta property=\"og:description\" content=\"Mentions l\u00e9gales pour Entatom \u00c9diteur du site Le pr\u00e9sent site internet est \u00e9dit\u00e9 par la soci\u00e9t\u00e9 Entatom, dont les informations l\u00e9gales sont les suivantes : Raison sociale : EntatomForme juridique : SASU, Soci\u00e9t\u00e9 par Actions Simplifi\u00e9e \u00e0 Associ\u00e9 UniqueSIREN : 935 006 684SIRET (si\u00e8ge) : 935 006 684 00010Num\u00e9ro TVA Intracommunautaire : FR60935006684Adresse : 5 [&hellip;]\" \/>\n<meta property=\"og:url\" content=\"https:\/\/www.entatom.fr\/index.php\/mentions-legales\/\" \/>\n<meta property=\"og:site_name\" content=\"WordPress\" \/>\n<meta property=\"article:modified_time\" content=\"2024-11-19T09:08:25+00:00\" \/>\n<meta name=\"twitter:card\" content=\"summary_large_image\" \/>\n<meta name=\"twitter:label1\" content=\"Dur\u00e9e de lecture estim\u00e9e\" \/>\n\t<meta name=\"twitter:data1\" content=\"2 minutes\" \/>\n<script type=\"application\/ld+json\" class=\"yoast-schema-graph\">{\"@context\":\"https:\\\/\\\/schema.org\",\"@graph\":[{\"@type\":\"WebPage\",\"@id\":\"https:\\\/\\\/www.entatom.fr\\\/index.php\\\/mentions-legales\\\/\",\"url\":\"https:\\\/\\\/www.entatom.fr\\\/index.php\\\/mentions-legales\\\/\",\"name\":\"Mentions l\u00e9gales - WordPress\",\"isPartOf\":{\"@id\":\"https:\\\/\\\/www.entatom.fr\\\/#website\"},\"datePublished\":\"2024-11-19T09:07:31+00:00\",\"dateModified\":\"2024-11-19T09:08:25+00:00\",\"breadcrumb\":{\"@id\":\"https:\\\/\\\/www.entatom.fr\\\/index.php\\\/mentions-legales\\\/#breadcrumb\"},\"inLanguage\":\"fr-FR\",\"potentialAction\":[{\"@type\":\"ReadAction\",\"target\":[\"https:\\\/\\\/www.entatom.fr\\\/index.php\\\/mentions-legales\\\/\"]}]},{\"@type\":\"BreadcrumbList\",\"@id\":\"https:\\\/\\\/www.entatom.fr\\\/index.php\\\/mentions-legales\\\/#breadcrumb\",\"itemListElement\":[{\"@type\":\"ListItem\",\"position\":1,\"name\":\"Accueil\",\"item\":\"https:\\\/\\\/www.entatom.fr\\\/\"},{\"@type\":\"ListItem\",\"position\":2,\"name\":\"Mentions l\u00e9gales\"}]},{\"@type\":\"WebSite\",\"@id\":\"https:\\\/\\\/www.entatom.fr\\\/#website\",\"url\":\"https:\\\/\\\/www.entatom.fr\\\/\",\"name\":\"WordPress\",\"description\":\"Un site utilisant WordPress\",\"publisher\":{\"@id\":\"https:\\\/\\\/www.entatom.fr\\\/#organization\"},\"potentialAction\":[{\"@type\":\"SearchAction\",\"target\":{\"@type\":\"EntryPoint\",\"urlTemplate\":\"https:\\\/\\\/www.entatom.fr\\\/?s={search_term_string}\"},\"query-input\":{\"@type\":\"PropertyValueSpecification\",\"valueRequired\":true,\"valueName\":\"search_term_string\"}}],\"inLanguage\":\"fr-FR\"},{\"@type\":\"Organization\",\"@id\":\"https:\\\/\\\/www.entatom.fr\\\/#organization\",\"name\":\"WordPress\",\"url\":\"https:\\\/\\\/www.entatom.fr\\\/\",\"logo\":{\"@type\":\"ImageObject\",\"inLanguage\":\"fr-FR\",\"@id\":\"https:\\\/\\\/www.entatom.fr\\\/#\\\/schema\\\/logo\\\/image\\\/\",\"url\":\"https:\\\/\\\/www.entatom.fr\\\/wp-content\\\/uploads\\\/2024\\\/09\\\/logo-beige.png\",\"contentUrl\":\"https:\\\/\\\/www.entatom.fr\\\/wp-content\\\/uploads\\\/2024\\\/09\\\/logo-beige.png\",\"width\":1921,\"height\":1081,\"caption\":\"WordPress\"},\"image\":{\"@id\":\"https:\\\/\\\/www.entatom.fr\\\/#\\\/schema\\\/logo\\\/image\\\/\"}}]}<\/script>\n<!-- \/ Yoast SEO plugin. -->","yoast_head_json":{"title":"Mentions l\u00e9gales - WordPress","robots":{"index":"index","follow":"follow","max-snippet":"max-snippet:-1","max-image-preview":"max-image-preview:large","max-video-preview":"max-video-preview:-1"},"canonical":"https:\/\/www.entatom.fr\/index.php\/mentions-legales\/","og_locale":"fr_FR","og_type":"article","og_title":"Mentions l\u00e9gales - WordPress","og_description":"Mentions l\u00e9gales pour Entatom \u00c9diteur du site Le pr\u00e9sent site internet est \u00e9dit\u00e9 par la soci\u00e9t\u00e9 Entatom, dont les informations l\u00e9gales sont les suivantes : Raison sociale : EntatomForme juridique : SASU, Soci\u00e9t\u00e9 par Actions Simplifi\u00e9e \u00e0 Associ\u00e9 UniqueSIREN : 935 006 684SIRET (si\u00e8ge) : 935 006 684 00010Num\u00e9ro TVA Intracommunautaire : FR60935006684Adresse : 5 [&hellip;]","og_url":"https:\/\/www.entatom.fr\/index.php\/mentions-legales\/","og_site_name":"WordPress","article_modified_time":"2024-11-19T09:08:25+00:00","twitter_card":"summary_large_image","twitter_misc":{"Dur\u00e9e de lecture estim\u00e9e":"2 minutes"},"schema":{"@context":"https:\/\/schema.org","@graph":[{"@type":"WebPage","@id":"https:\/\/www.entatom.fr\/index.php\/mentions-legales\/","url":"https:\/\/www.entatom.fr\/index.php\/mentions-legales\/","name":"Mentions l\u00e9gales - WordPress","isPartOf":{"@id":"https:\/\/www.entatom.fr\/#website"},"datePublished":"2024-11-19T09:07:31+00:00","dateModified":"2024-11-19T09:08:25+00:00","breadcrumb":{"@id":"https:\/\/www.entatom.fr\/index.php\/mentions-legales\/#breadcrumb"},"inLanguage":"fr-FR","potentialAction":[{"@type":"ReadAction","target":["https:\/\/www.entatom.fr\/index.php\/mentions-legales\/"]}]},{"@type":"BreadcrumbList","@id":"https:\/\/www.entatom.fr\/index.php\/mentions-legales\/#breadcrumb","itemListElement":[{"@type":"ListItem","position":1,"name":"Accueil","item":"https:\/\/www.entatom.fr\/"},{"@type":"ListItem","position":2,"name":"Mentions l\u00e9gales"}]},{"@type":"WebSite","@id":"https:\/\/www.entatom.fr\/#website","url":"https:\/\/www.entatom.fr\/","name":"WordPress","description":"Un site utilisant WordPress","publisher":{"@id":"https:\/\/www.entatom.fr\/#organization"},"potentialAction":[{"@type":"SearchAction","target":{"@type":"EntryPoint","urlTemplate":"https:\/\/www.entatom.fr\/?s={search_term_string}"},"query-input":{"@type":"PropertyValueSpecification","valueRequired":true,"valueName":"search_term_string"}}],"inLanguage":"fr-FR"},{"@type":"Organization","@id":"https:\/\/www.entatom.fr\/#organization","name":"WordPress","url":"https:\/\/www.entatom.fr\/","logo":{"@type":"ImageObject","inLanguage":"fr-FR","@id":"https:\/\/www.entatom.fr\/#\/schema\/logo\/image\/","url":"https:\/\/www.entatom.fr\/wp-content\/uploads\/2024\/09\/logo-beige.png","contentUrl":"https:\/\/www.entatom.fr\/wp-content\/uploads\/2024\/09\/logo-beige.png","width":1921,"height":1081,"caption":"WordPress"},"image":{"@id":"https:\/\/www.entatom.fr\/#\/schema\/logo\/image\/"}}]}},"_links":{"self":[{"href":"https:\/\/www.entatom.fr\/index.php\/wp-json\/wp\/v2\/pages\/801","targetHints":{"allow":["GET"]}}],"collection":[{"href":"https:\/\/www.entatom.fr\/index.php\/wp-json\/wp\/v2\/pages"}],"about":[{"href":"https:\/\/www.entatom.fr\/index.php\/wp-json\/wp\/v2\/types\/page"}],"author":[{"embeddable":true,"href":"https:\/\/www.entatom.fr\/index.php\/wp-json\/wp\/v2\/users\/1"}],"replies":[{"embeddable":true,"href":"https:\/\/www.entatom.fr\/index.php\/wp-json\/wp\/v2\/comments?post=801"}],"version-history":[{"count":4,"href":"https:\/\/www.entatom.fr\/index.php\/wp-json\/wp\/v2\/pages\/801\/revisions"}],"predecessor-version":[{"id":805,"href":"https:\/\/www.entatom.fr\/index.php\/wp-json\/wp\/v2\/pages\/801\/revisions\/805"}],"wp:attachment":[{"href":"https:\/\/www.entatom.fr\/index.php\/wp-json\/wp\/v2\/media?parent=801"}],"curies":[{"name":"wp","href":"https:\/\/api.w.org\/{rel}","templated":true}]}}